{"id":4639,"date":"2019-08-12T11:12:21","date_gmt":"2019-08-12T09:12:21","guid":{"rendered":"http:\/\/blogs.sun.ac.za\/law\/?page_id=4639"},"modified":"2023-02-20T11:28:24","modified_gmt":"2023-02-20T09:28:24","slug":"nondumiso-phenyane","status":"publish","type":"page","link":"https:\/\/blogs.sun.ac.za\/law\/nondumiso-phenyane\/","title":{"rendered":"Nondumiso Phenyane"},"content":{"rendered":"<h2>Lecturer\/Dosent<a href=\"https:\/\/blogs.sun.ac.za\/law\/files\/2023\/02\/m35R3b4g-scaled-e1676885144539.jpeg\"><img loading=\"lazy\" decoding=\"async\" class=\"alignright wp-image-7315\" src=\"https:\/\/blogs.sun.ac.za\/law\/files\/2023\/02\/m35R3b4g-scaled-e1676885144539-300x243.jpeg\" alt=\"\" width=\"186\" height=\"150\" srcset=\"https:\/\/blogs.sun.ac.za\/law\/files\/2023\/02\/m35R3b4g-scaled-e1676885144539-300x243.jpeg 300w, https:\/\/blogs.sun.ac.za\/law\/files\/2023\/02\/m35R3b4g-scaled-e1676885144539-1024x828.jpeg 1024w, https:\/\/blogs.sun.ac.za\/law\/files\/2023\/02\/m35R3b4g-scaled-e1676885144539-768x621.jpeg 768w, https:\/\/blogs.sun.ac.za\/law\/files\/2023\/02\/m35R3b4g-scaled-e1676885144539-1536x1242.jpeg 1536w, https:\/\/blogs.sun.ac.za\/law\/files\/2023\/02\/m35R3b4g-scaled-e1676885144539-2048x1656.jpeg 2048w\" sizes=\"auto, (max-width: 186px) 100vw, 186px\" \/><\/a><\/h2>\n<p>B Soc Sci LLB LLM (UCT)<\/p>\n<ul>\n<li>Email\/E-pos: <a href=\"mailto:nphenyane@sun.ac.za\">nphenyane@sun.ac.za<\/a><\/li>\n<\/ul>\n<p>&nbsp;<\/p>\n<p>&nbsp;<\/p>\n<hr noshade=\"noshade\" size=\"1\" width=\"100%\" \/>\n<p>&nbsp;<\/p>\n<table style=\"width: 100%\" border=\"0\" align=\"none\">\n<tbody>\n<tr>\n<td style=\"width: 48%;text-align: justify\" align=\"left\" valign=\"top\">Nondumiso Phenyane is a lecturer in the Public and Mercantile Law Departments at Stellenbosch University. She is currently the course convenor for the final year module on the Law of Evidence. She also teaches basic principles of Labour Law, Insolvency Law, Security and Methods of Payment as part of a Mercantile Law service course.<\/p>\n<p>She holds a Bachelor of Social Science (B Soc Sci) and a Postgraduate Bachelor of Laws (LLB) and a Master of Laws (LLM) from the University of Cape Town (UCT). Prior to joining Stellenbosch University, she was a Law Researcher at the Supreme Court of Appeal (SCA). In line with her interest in procedural law, Nondumiso has done legal research for the <em>Juta &amp; Co Commentary on the Criminal Procedure Act<\/em> since 2017. In 2016 Nondumiso worked as a Graduate Teaching Assistant at the UCT, tutoring the Law of Evidence, Criminal Procedure and International Law.<\/p>\n<p>In June 2019, Nondumiso was selected as one of the Mail &amp; Guardian 200 Young South Africans. In 2016, she was awarded the South African Law Reform Commission (SALRC) Ismail Mohammed Law Reform Essay price in the LLM category.\u00a0 In 2016, she was the recipient of the Ethel Walt Human Rights Scholarship for her LLM. Nondumiso is also a graduate of the South Africa-Washington International Program (SAWIP) \u2013 a leadership development programme which enabled her to serve as an apprentice at C-Span Cable Network and later at the Washington National Cathedral.<\/p>\n<p>Nondumiso\u2019s research interests are the Law of Evidence and access to justice in urban townships, criminal justice and conflict resolution.<\/td>\n<td style=\"width: 30px\"><\/td>\n<td style=\"text-align: justify\" align=\"left\" valign=\"top\">Nondumiso Phenyane is \u0149 dosent in die Departemente Publiek- en Handelsreg aan die Universiteit van Stellenbosch. Sy is tans die kursusko\u00f6rdineerder vir die finale jaarsmodule, Bewysreg. Sy gee ook basiese beginsels van arbeidsreg, insolvensiereg, sekuriteit en betaalmetodes as deel van \u0149 handelsregkursus.<\/p>\n<p>Nondumiso het \u0149 Baccalaureus in Sosiale Wetenskap (BsocSci), \u0149 nagraadse Baccalareus in Regte en \u0149 Magister in Regte aan die Universiteit van Kaapstad verwerf.<\/p>\n<p>Voor Nondumiso by die US aangesluit het,\u00a0was sy as Regsnavorser by die Hoogste Hof van App\u00e8l aangstel. Haar belangstelingsveld is in Prosedurele reg \u2013 Nondumiso doen ook regsnavorsing vir die <em>Juta &amp; Co Commentary on the Criminal Procedural Act <\/em>sedert 2017. In 2016 het sy as \u0149 gegradueerde onderrigassistent, tutor vir Bewysreg, Strafreg en Internasionalereg gewerk.<\/p>\n<p>Nondumiso was in Junie 2019 as een van die <em>Mail &amp; Gaurdian<\/em> se \u201c200 Young South Africans\u201d aangewys. In 2016, het sy die prys van die Suid-Afrikaanse Regshervormings Kommisse (SARHK) se Ismail Mohammed Law Reform Essay in die LLM-kategorie ontvang. Sy het in 2016 die \u201cEthel Walt Human Rights\u201d-beurs ontvang vir haar meester-studies. Sy is \u0149 gegradueerde van die Suid-Afrikaanse Washington Internasionale program (SAWIP) wat haar die geleentheid gebied het om by die C-SPAN Cable Netwerk en later by die Washington Nationale Cathedral as vakleerling op te tree.<\/p>\n<p>Nondumiso se belangstellingsvelde sluit in Bewysreg en Toegang tot Geregtigheid in stedelike nedersettings, Dispuutresolusie in verband met stakings en protesoptogte sowel as Leer-en-onderrig.<\/td>\n<\/tr>\n<tr>\n<td style=\"width: 48%;text-align: justify\" align=\"left\" valign=\"top\">&nbsp;<\/p>\n<p><strong>Field of specialisation\u00a0<\/strong><\/p>\n<p>Law of criminal procedure<\/td>\n<td style=\"width: 30px\"><\/td>\n<td style=\"text-align: justify\" align=\"left\" valign=\"top\">&nbsp;<\/p>\n<p><strong>Area van belangstelling<\/strong><\/p>\n<p>Strafprosesreg<\/p>\n<p>&nbsp;<\/td>\n<\/tr>\n<tr>\n<td style=\"width: 48%;text-align: justify\" align=\"left\" valign=\"top\"><strong>Modules taught<\/strong><\/p>\n<ul>\n<li class=\"Default\" style=\"text-align: justify;line-height: 150%\">Mercantile Law (ML193) \u2013Labour Law and Insolvency Law (2018-present)<\/li>\n<li class=\"Default\" style=\"text-align: justify;line-height: 150%\">Law of Evidence \u2013 Course Convener (2018-present)<\/li>\n<\/ul>\n<p>&nbsp;<\/td>\n<td style=\"width: 30px\"><\/td>\n<td style=\"text-align: justify\" align=\"left\" valign=\"top\"><strong>Modules aangebied<\/strong><\/p>\n<ul>\n<li>Handelsreg (HR193) \u2013 Arbeidreg en Insolvensiereg (2018 \u2013 tans)<\/li>\n<li>Bewysreg \u2013 kursus koordineerder (2018-tans)<\/li>\n<\/ul>\n<p>&nbsp;<\/td>\n<\/tr>\n<\/tbody>\n<\/table>\n<h3><a href=\"http:\/\/blogs.sun.ac.za\/law\/staff\/publiekreg-public-law\/\">Terug\/Back<\/a><\/h3>\n","protected":false},"excerpt":{"rendered":"<p>Lecturer\/Dosent B Soc Sci LLB LLM (UCT) Email\/E-pos: nphenyane@sun.ac.za &nbsp; &nbsp; &nbsp; Nondumiso Phenyane is a lecturer in the Public and Mercantile Law Departments at Stellenbosch University. She is currently the course convenor for the final year module on the Law of Evidence. She also teaches basic principles of Labour Law, Insolvency Law, Security and&#8230;<\/p>\n","protected":false},"author":10311,"featured_media":0,"parent":0,"menu_order":0,"comment_status":"closed","ping_status":"closed","template":"","meta":{"_acf_changed":false,"footnotes":""},"class_list":["post-4639","page","type-page","status-publish","hentry"],"acf":[],"_links":{"self":[{"href":"https:\/\/blogs.sun.ac.za\/law\/wp-json\/wp\/v2\/pages\/4639","targetHints":{"allow":["GET"]}}],"collection":[{"href":"https:\/\/blogs.sun.ac.za\/law\/wp-json\/wp\/v2\/pages"}],"about":[{"href":"https:\/\/blogs.sun.ac.za\/law\/wp-json\/wp\/v2\/types\/page"}],"author":[{"embeddable":true,"href":"https:\/\/blogs.sun.ac.za\/law\/wp-json\/wp\/v2\/users\/10311"}],"replies":[{"embeddable":true,"href":"https:\/\/blogs.sun.ac.za\/law\/wp-json\/wp\/v2\/comments?post=4639"}],"version-history":[{"count":17,"href":"https:\/\/blogs.sun.ac.za\/law\/wp-json\/wp\/v2\/pages\/4639\/revisions"}],"predecessor-version":[{"id":7297,"href":"https:\/\/blogs.sun.ac.za\/law\/wp-json\/wp\/v2\/pages\/4639\/revisions\/7297"}],"wp:attachment":[{"href":"https:\/\/blogs.sun.ac.za\/law\/wp-json\/wp\/v2\/media?parent=4639"}],"curies":[{"name":"wp","href":"https:\/\/api.w.org\/{rel}","templated":true}]}}