{"id":914,"date":"2012-01-26T17:03:14","date_gmt":"2012-01-26T15:03:14","guid":{"rendered":"http:\/\/blogs.sun.ac.za\/law\/?page_id=914"},"modified":"2024-02-12T16:53:55","modified_gmt":"2024-02-12T14:53:55","slug":"mr-stephan-van-der-merwe","status":"publish","type":"page","link":"https:\/\/blogs.sun.ac.za\/law\/staff\/regskliniek-law-clinic\/mr-stephan-van-der-merwe\/","title":{"rendered":"Dr Stephan van der Merwe"},"content":{"rendered":"<h2><a href=\"http:\/\/blogs.sun.ac.za\/law\/files\/2019\/04\/stephan.jpeg\"><img loading=\"lazy\" decoding=\"async\" class=\"alignright wp-image-4140 size-thumbnail\" src=\"http:\/\/blogs.sun.ac.za\/law\/files\/2019\/04\/stephan-e1571833691195-150x150.jpeg\" alt=\"\" width=\"150\" height=\"150\" \/><\/a><\/h2>\n<h2>Senior Attorney, Notary Public and Lecturer\/Senior Prokureur, Notaris Publiek en Lektor<\/h2>\n<p>BComm LLB\u00a0LLM (<em>cum laude<\/em>) LLD PGDip Higher Education Teaching and Learning (<em>cum laude<\/em>)<\/p>\n<ul>\n<li>E-pos\/Email: <a href=\"mailto:sjhvdm@sun.ac.za\">sjhvdm@sun.ac.za<\/a><\/li>\n<li><a href=\"https:\/\/www.linkedin.com\/in\/stephan-van-der-merwe-84473892\/\">https:\/\/www.linkedin.com\/in\/stephan-van-der-merwe-84473892\/<\/a><\/li>\n<li><a href=\"https:\/\/orcid.org\/0000-0002-2434-6554\" rel=\"noopener noreferrer\"><img loading=\"lazy\" decoding=\"async\" class=\"alignnone\" src=\"https:\/\/orcid.org\/sites\/default\/files\/images\/orcid_16x16.png\" alt=\"ORCID iD icon\" width=\"16\" height=\"16\" \/><\/a> <a href=\"https:\/\/orcid.org\/0000-0002-2434-6554\">https:\/\/orcid.org\/0000-0002-2434-6554<\/a><\/li>\n<\/ul>\n<p>&nbsp;<\/p>\n<hr noshade=\"noshade\" size=\"1\" width=\"100%\" \/>\n<p>&nbsp;<\/p>\n<table style=\"width: 100%\" border=\"0\" align=\"none\">\n<tbody>\n<tr>\n<td style=\"width: 48%;text-align: justify\" align=\"left\" valign=\"top\">Stephan van der Merwe joined the Law Clinic, University of Stellenbosch as practising attorney in 2001, after serving his articles of clerkship in private practice.\u00a0 Earlier he graduated from the University of Stellenbosch with a B Comm LLB and during 2002 he obtained an Advanced Certificate in Children\u2019s Rights.\u00a0 In 2005 he obtained an LLM (<em>cum laude<\/em>) and during 2007 he qualified as notary public and attorney with right of appearance in the High Court.\u00a0 In 2017 he obtained a Post-Graduate Diploma in Higher Education Teaching and Learning (<em>cum laude<\/em>). In 2022, Dr van der Merwe obtained his doctorate in law (LLD). The title of his dissertation is \u201cDeveloping a Procedural Framework for Advanced Debtor Protection: The Case of Emolument Attachment Orders\u201d, in which he makes motivated recommendations aimed at advancing debtor protection.<\/p>\n<p>Dr van der Merwe is deeply involved with community service in his capacity as the senior supervising attorney at the Law Clinic.\u00a0 During the early 2000\u2019s his work was instrumental in exposing the interest fraud which eventually led to the demise of Saambou Bank.\u00a0 He also has extensive experience representing debtors in rescission of judgment and emoluments attachment order cases and his practice and research in this regard proved valuable in framing the applicant\u2019s case in the Constitutional Court matter of <em>University of Stellenbosch Legal Aid Clinic &amp; others v Minister of Justice and Correctional Services &amp; Others\u00a0<\/em>[2016] ZACC 32. Dr van der Merwe has been the Clinic\u2019s principal attorney on various other impact litigation matters related to his field of practice, including the 2019 <em>in duplum<\/em>\u00a0case (<em>University of Stellenbosch Law Clinic &amp; 11 Others v The National Credit Regulator &amp; 48 Others<\/em>) and the\u00a0<em>University of Stellenbosch Law Clinic &amp; 8 Others v Lifestyle Direct Group International (Pty) Ltd &amp; 18 Others<\/em>\u00a0class action filed during 2019. He also advises and presents training on debt related matters, and specifically emoluments attachment orders, to human resource industries on a national level.<\/p>\n<p>Stephan is a former secretary and treasurer of the South African University Law Clinic Association (SAULCA) and is affiliated to various international organisations related to his fields of research and practice, including being a member of the International Association of Legal Ethics and a Fellow of the National Institute for Teaching Ethics &amp; Professionalism (NIFTEP), based at Georgia State University, USA. He has published and presented widely in the legal and legal education fields. In 2019, he was awarded the Stellenbosch University Institutional Teaching Excellence Award in the category \u2018Scholarly Teacher\u2019. The award is based on experience and leadership in the scholarship of teaching and learning.<\/p>\n<p>&nbsp;<\/p>\n<p><strong>Areas of specialisation\u00a0<\/strong><\/p>\n<p>Clinical legal education<\/p>\n<p>Legal ethics<\/p>\n<p>Consumer protection and debt\/credit regulation<\/p>\n<p>General civil litigation<\/p>\n<p>&nbsp;<\/p>\n<p><strong>Modules taught<\/strong><\/p>\n<p>Practical Legal Training 471<\/p>\n<p>Legal Skills 411 (Ethics)<\/p>\n<p>Legal Ethics 214<\/p>\n<p>&nbsp;<\/td>\n<td style=\"width: 4.45946%\"><\/td>\n<td style=\"text-align: justify;width: 46.8919%\" align=\"left\" valign=\"top\">Stephan van der Merwe het gedurende 2001 by die Regskliniek, Universiteit van Stellenbosch aangesluit as praktiserende prokureur, nadat hy sy klerkskap in die privaat praktyk voltooi het.\u00a0 Vroe\u00ebr het hy aan die Universiteit van Stellenbosch gradueer met \u0149 BComm LLB en gedurende 2002 het hy \u0149 Gevorderde Sertifikaat in Kinderreg verwerf.\u00a0 Gedurende 2005 het hy \u2019n LLM (<em>cum laude<\/em>) behaal en in 2007 gekwalifiseer hy as notaris publiek en prokureur met reg van verskyning in die Hooggeregshof.\u00a0 Gedurende 2017 verwerf hy \u0149 Nagraadse Diploma in Ho\u00ebr Onderwys Onderrig en Leer (<em>cum laude<\/em>). Dr van der Merwe het in 2022 sy doktorsgraad in die regte (LLD) verwerf. Die titel van sy proefskrif is \u201cDeveloping a Procedural Framework for Advanced Debtor Protection: The Case of Emolument Attachment Orders\u201d, waarin hy gemotiveerde aanbevelings maak wat daarop gemik is om skuldenaarbeskerming te bevorder.<\/p>\n<p>Dr van der Merwe is intensief betrokke by gemeenskapsdiens in sy hoedanigheid as die senior toesighoudende prokureur by die Regskliniek. Gedurende die vroe\u00eb 2000\u2019s was sy werk hoofsaaklik om die rente-bedrog bloot te stel wat uiteindelik tot die ondergang van Saambou Bank aanleiding gegee het. Hy het ook uitgebreide ervaring met die verteenwoordiging van skuldenaars in tersydestelling van vonnis en besoldigingsbeslagleggingsbevele sake en sy praktykswerk en navorsing in hierdie verband was waardevol in die samestelling van die applikante se saak in die Konstitusionele Hof van <em>University of Stellenbosch Legal Aid Clinic &amp; others v Minister of Justice and Correctional Services &amp; Others; Association of Debt Recovery Agents NPC v Clinic &amp; Others; Mavava Trading 279 (Pty) Ltd &amp; Others v Clinic &amp; Others<\/em> 2016 ZACC 32. Dr van der Merwe is die Kliniek se prinsipaal prokureur op verskeie ander impak litigasie aangeleenthede verbandhoudend met die gebiede waarin hy praktiseer, insluitend die 2019 in duplum saak (University of Stellenbosch Law Clinic &amp; 11 Others v The National Credit Regulator &amp; 48 Others) en die University of Stellenbosch Law Clinic &amp; 8 Others v Lifestyle Direct Group International (Pty) Ltd &amp; 18 Others klasaksie wat in gedurende 2019 uitgereik is. Hy adviseer en bied opleiding aan oor skuldverwante aangeleenthede, en spesifiek besoldigingsbeslagleggingsbevele, aan menslike hulpbron organisasies op nasionale vlak.<\/p>\n<p>Dr van der Merwe is \u2019n is \u2019n voormalige sekretaris en tesourier van die South African University Law Clinic Association (SAULCA) en is verbonde aan verskeie internasionale organisasies wat verband hou met sy navorsings- en praktykvelde, insluitend as &#8216;n lid van die International Association of Legal Ethics en \u2019n genoot van die National Institute for Teaching Ethics &amp; Professionalism (NIFTEP), gebaseer by Georgia State University, VSA. Hy het wyd in die regs- en regsopvoedingsvelde gepubliseer en voorleggings gemaak. In 2019 het hy die Universiteit Stellenbosch Institusionele Toekenning vir Onderriguitnemendheid in die kategorie \u2018Scholarly Teacher\u2019 ontvang. Die toekenning is gebaseer op ervaring en leierskap in die veld van onderrig en leer.<\/p>\n<p>&nbsp;<\/p>\n<p><strong>Areas van belangstelling<\/strong><\/p>\n<p>Kliniese regsopvoeding<\/p>\n<p>Regsetiek<\/p>\n<p>Verbruikersbeskerming en regulering van skuld\/krediet<\/p>\n<p>Algemene siviele litigasie<\/p>\n<p>&nbsp;<\/p>\n<p><strong>Modules aangebied\u00a0<\/strong><\/p>\n<p>Praktiese Regsopleiding 471<\/p>\n<p>Regsvaardighede 411 (Etiek)<\/p>\n<p>Regsetiek 214<\/p>\n<p>&nbsp;<\/td>\n<\/tr>\n<\/tbody>\n<\/table>\n<h3><strong>Publications\/<\/strong><strong>Publikasies\u00a0<\/strong><\/h3>\n<p><strong>Journal articles\/Joernaalartikels\u00a0<\/strong><\/p>\n<ul>\n<li>Van der Merwe SJH &#8220;Paid in full: The enduring battle for advanced emolument attachment order debtor protection in South Africa&#8221; <em>Stell LR<\/em> 2023 1 137-160.<\/li>\n<li>Van der Merwe SJH &#8220;Examining Attachment of Earnings Orders: Does the English Wage Garnishment Mechanism Offer Solutions to the Challenges Experienced by its Contemporary South African Counterpart?&#8221; Civil Justice Quarterly (2023) 42<em> C.J.Q.<\/em>, Issue 4 301-332.<\/li>\n<li>Van der Merwe SJH &#8220;Caught in the Crossfire: Employers of Emolument Attachment Order Debtors and the Challenge to Achieve Proportionally Fair Wage Deductions&#8221; <em>Potchefstroom Electronic Law Journal<\/em>, 26, (Published on 7 July 2023) 1 \u2013 31.<\/li>\n<li>Van der Merwe SJH &#8220;Judicial intervention and the call to transformative constitutionalism in the context of consumer law, debt collection and the National Credit Act: Bayport Securitisation Ltd v University of Stellenbosch Law Clinic&#8221; 2023 <em>SALJ<\/em> 140(2): 328-364.<\/li>\n<li>Van der Merwe SJH &#8220;Evaluating the Role of Judicial Oversight in the Context of the Post-2018 Emolument Attachment Order Legal Framework: Revisiting University of Stellenbosch Legal Aid Clinic V Minister of Justice 2015 5 SA 221 (WCC)&#8221; <em>Journal for Juridical Science<\/em> 2023:48(1):1-15.<\/li>\n<li>Van der Merwe SJH &#8220;Responding to the call for legislative development to alleviate the challenges with wage deduction as civil debt enforcement mechanism in South Africa: formulating a cohesive emolument attachment order act&#8221; <em>Journal of South African Law (<\/em>TSAR<em>)<\/em> 2023 (1) 60 \u2013 78.<\/li>\n<li>Van der Merwe SJH &#8220;The Development of The South African Emolument Attachment Order Mechanism: A Historical Overview&#8221; <em>Fundamina Legal Journal<\/em> (Juta) 2022 28(1) 140 \u2013 170.<\/li>\n<li>Van der Merwe SJH &#8220;Towards Designing a Validated Framework for Improved Clinical Legal Education: Empirical Research on Student and Alumni Feedback&#8221; <em>Potchefstroom Electronic Law Journal<\/em> 2020(23) 1-31<\/li>\n<li>Van der Merwe SJH \u201cToo simple for National Credit Act matters: Reconsidering the scope of Magistrates\u2019 Court Rule 5(2)(b)\u201d (2019) 136 <em>SALJ<\/em> 397-403<\/li>\n<li>Van der Merwe SJH \u201cTraversing the South African Emolument Attachment Order Legal Landscape Post 2016: Quo Vadis?\u201d (2019) 30 <em>Stellenbosch Law Review\u00a0<\/em>77-96.<\/li>\n<li>Van der Merwe SJH \u201cContemporary challenges facing law clinics\u201d (2018) <em>De Rebus <\/em>15-16.<\/li>\n<li>Van der Merwe SJH, B Richards-Bray, S Hardy &amp; A East \u201cRobots and the Law\u201d (2018) 12 <em>European Foundation for Management Development Global Focus Journal\u00a0<\/em>46-49.<\/li>\n<li>Van der Merwe SJH \u201cA Case Study in Advocating for Expanded Clinical Legal Education: The University of Stellenbosch Module\u201d (2017) 28 <em>Stellenbosch Law Review\u00a0<\/em> 679-701.<\/li>\n<li>Van der Merwe SJH \u201cCautioning the careless writer: The importance of accurate and ethical legal writing\u201d (2014) 39 <em>Journal for Juridical Science 23\u201152.<\/em><\/li>\n<li>Van der Merwe SJH \u201cLacking proper judgment? Letter to editor\u201d (2013) <em>De Rebus.<\/em><\/li>\n<li>Van der Merwe SJH \u201cObjections in Civil Litigation by P van den Heever\u201d (2011) 22 <em>Stell LR<\/em>\u00a0228-230.<\/li>\n<li>Van der Merwe SJH \u201cFailure to discharge.\u00a0 A discussion of the insufficient legal recourse afforded to judgment debtors in the South African context\u201d (<em>2008) Journal for Juridical Science Special Issue <\/em>71-86.<\/li>\n<li>Van der Merwe SJH \u201cLitigation Skills for South African Lawyers by CG Marnewick\u201d (2005) 16 <em>Stell LR<\/em>\u00a0165-167.<\/li>\n<\/ul>\n<p><strong>Chapters in books\/Hoofstukke in boeke<\/strong><\/p>\n<ul>\n<li>Van der Merwe SJH \u201cSimulated exercises\u201d in J Bodenstein (ed) <em>Law Clinics and the Clinical Law Movement in South Africa\u00a0<\/em>(2017), Cape Town: Juta &amp; Co.<\/li>\n<li>Van der Merwe SJH \u201cCivil trial advocacy in J Bodenstein (ed) <em>Law Clinics and the Clinical Law Movement in South Africa\u00a0<\/em>(2017), Cape Town: Juta &amp; Co.<\/li>\n<\/ul>\n<p><strong>Papers and lectures at national and international forums\/<\/strong><strong>Referate en lesings by nasionale en internasionale forums\u00a0<\/strong><\/p>\n<ul>\n<li>Van der Merwe SJH \u201cHeeding Aesop\u2019s advice: A fable of buses, seats, and legal ethics\u201d delivered at the Regional Teaching and Learning Conference of The Law Faculties of UCT, UWC and Stellenbosch University on 28 September 2023.<\/li>\n<li>Van der Merwe SJH \u201cIncreasing access to justice through Clinical Legal Education\u201d online guest lecture delivered at School of Law Christ University, Bangalore, India on 13 April 2022.<\/li>\n<li>Van der Merwe SJH \u201cIncreasing access to justice: How University Law Clinics can contribute to alleviating poverty by making an impact in their community and beyond\u201d delivered at the Online Access to Justice Roundtable Discussion of University Hasselt, Belgium, 2 July 2021.<\/li>\n<li>Van der Merwe SJH \u201cConsumer law case discussion: Stellenbosch University Law Clinic &amp; Others v Lifestyle Legal &amp; Others \u2013 Western Cape High Court\u201d delivered at the Fourth Bi-Annual University of Pretoria International Consumer Law Conference, 21-23 September 2020.<\/li>\n<li>Van der Merwe SJH Strategies to protect consumer rights presented at the <em>Open Society Foundations Abusive Lending Community of Practice Convening<\/em> in Naples Italy, 22-11-2019.<\/li>\n<li>Van der Merwe SJH Spotlighting innovative accountability strategies (discussion as member of expert panel) delivered at the <em>Open Society Foundation: Justice Initiative Pan-African Convening on Abusive Lending Practices and Social Protection<\/em> in Nairobi Kenya, 01-11-2019.<\/li>\n<li>Van der Merwe SJH South African debt industry\u2019s \u2018dirty little secret presented at the <em>10th Annual African Debt Collection Convention<\/em>, held at Emperor\u2019s Palace Johannesburg, 12-09-2019.<\/li>\n<li>Van der Merwe SJH Negotiating the South African emolument attachment order legal landscape unpublished paper presented as part of the Bargaining Council for the Civil Engineering Industry training roadshows in Durban, East London, Bloemfontein, Port Elizabeth, Cape Town and Johannesburg during August to October 2019.<\/li>\n<li>Van der Merwe SJH <em>What are Legal Ethics &amp; Why Do They Matter When Addressing Injustice?<\/em> (2018) unpublished paper presented at a the <em>National Institute for Teaching Ethics &amp; Professionalism (NIFTEP)<\/em> hosted by Fall Workshop at the Melbourne University, 04-06-2018.<\/li>\n<li>Van der Merwe SJH <em>Framing Ethics &amp; Professionalism in a Climate of Uncivility<\/em> (2018) unpublished paper presented at a the <em>National Institute for Teaching Ethics &amp; Professionalism (NIFTEP)<\/em> hosted by Fall Workshop at the Melbourne University, 04-06-2018.<\/li>\n<li>Van der Merwe SJH <em>Intentional about impact: Changing lives and laws through the work of University Law Clinics<\/em> (2018) unpublished paper presented for the\u00a0<em>International Journal of Clinical Legal Education Conference <\/em>held at Monash University in Melbourne, 28 to 30-11-2018.<\/li>\n<li>Van der Merwe SJH &amp; A East <em>Advocacy in clinical legal education: presenting real life cases in real life tribunals<\/em> (2018) unpublished paper presented for the\u00a0<em>International Journal of Clinical Legal Education Conference <\/em>held at Monash University in Melbourne, 28 to 30-11-2018.<\/li>\n<li>Van der Merwe SJH <em>Towards empirical validation of theoretical assumptions in Clinical Legal Education<\/em> (2018) unpublished paper presented at the <em>SU Scholarship of Teaching and Learning Conference<\/em> at Somerset West, 30 to 31-10-2018.<\/li>\n<li>Van der Merwe SJH <em>Inculcating ethics in the LLB curriculum: The question is not why, but how? <\/em>(2018) umpublished paper presented at the <em>Regional Teaching and Learning Conference of the Law Faculties of UCT, UWC and Stellenbosch University<\/em>, 13-09-2018.<\/li>\n<li>Van der Merwe SJH <em>Advocating for expanded clinical legal education <\/em>(2018) unpublished paper delivered at the\u00a0<em>Stellenbosch University Law Clinic Conference<\/em>\u00a0in Stellenbosch, 19 \u2013 20-07-2018.<\/li>\n<li>Van der Merwe SJH <em>Early Steps in Employing Double Robot Technology in Clinical Legal Education<\/em> (2018) unpublished paper presented at the\u00a0<em>4<sup>th<\/sup>Writing Skills in Legal Education Conference<\/em>\u00a0in Somerset West, 20 \u2013 21-06-2018.<\/li>\n<li>Van der Merwe SJH <em>Rise of the robot lawyers: Employing Double Robot Technology in Clinical Legal Education<\/em> (2018) presented at the\u00a0<em>1<sup>st<\/sup>\u00a0African Digital University Network Colloquium<\/em>\u00a0in Stellenbosch, 17 to 18-04-2018.<\/li>\n<li>Van der Merwe SJH <em>Whats wrong with the present state of legal reasoning?<\/em> (2018) delivered at the\u00a0<em>3<sup>rd<\/sup>\u00a0International Advocacy Training Council Conference<\/em>\u00a0in Stellenbosch, 02 to 03-04-2018.<\/li>\n<li>Van der Merwe SJH <em>Changing lives and (occasionally) changing the law: An illustration of the work of University Law Clinics <\/em>(2017) unpublished paper presented at the <em>Regent Lecture Theatre, Aberdeen University<\/em> Scotland, 22-11-2017.<\/li>\n<li>Van der Merwe SJH <em>Some Reflections on Teaching Legal Skills Through Clinical Legal Education (CLE)<\/em> (2017) unpublished paper presented at <em>Coventry University<\/em> England, 15-09-2017.<\/li>\n<li>Van der Merwe SJH <em>Changing lives and (occasionally) changing the law: An illustration of the work of University Law Clinics <\/em>(2017) unpublished paper presented at the\u00a0<em>Partnerships in Clinical Legal Education Conference<\/em>\u00a0at hosted by Coventry University in England, 15 -09-2017.<\/li>\n<li>Van der Merwe SJH <em>The present legal challenges in the South African Emolument Attachment Order landscape<\/em> (2017) unpublished paper presented atthe\u00a0<em>Dullah Omar Institute Community Engagement Conference<\/em>\u00a0at the University of the Western Cape, 2 to 3-08-2017.<\/li>\n<li>Van der Merwe SJH <em>A discussion of the legal environment relating to Emolument Attachment Orders (\u201cEAO\u2019s\u201d) before and after The University of Stellenbosch Legal Aid Clinic &amp; 15 Others vs The Minister of Justice and Correctional Services &amp; 17 Others<\/em> (2016) presented at the\u00a0<em>29<sup>th<\/sup>\u00a0Annual Labour Law Conference<\/em>\u00a0at Kempton Park Johannesburg, 24 to 25-08-2016.<\/li>\n<li>Van der Merwe SJH <em>Failure to discharge.\u00a0 A discussion of the insufficient legal recourse afforded to judgment debtors in the South African context<\/em> (2007) unpublished paper delivered at the\u00a0<em>5<sup>th<\/sup>\u00a0International Journal of Clinical Legal Education Conference<\/em> hosted by the University of the Witwatersrand at Johannesburg, 9 to 11-09-2007.<\/li>\n<\/ul>\n<p><a title=\"Regshulpkliniek \/ Legal Aid Clinic\" href=\"http:\/\/blogs.sun.ac.za\/law\/staff\/regskliniek-law-clinic\/\">Terug \/ Back<\/a><\/p>\n","protected":false},"excerpt":{"rendered":"<p>Senior Attorney, Notary Public and Lecturer\/Senior Prokureur, Notaris Publiek en Lektor BComm LLB\u00a0LLM (cum laude) LLD PGDip Higher Education Teaching and Learning (cum laude) E-pos\/Email: sjhvdm@sun.ac.za https:\/\/www.linkedin.com\/in\/stephan-van-der-merwe-84473892\/ https:\/\/orcid.org\/0000-0002-2434-6554 &nbsp; &nbsp; Stephan van der Merwe joined the Law Clinic, University of Stellenbosch as practising attorney in 2001, after serving his articles of clerkship in private practice.\u00a0&#8230;<\/p>\n","protected":false},"author":2085,"featured_media":0,"parent":353,"menu_order":0,"comment_status":"closed","ping_status":"open","template":"","meta":{"_acf_changed":false,"footnotes":""},"class_list":["post-914","page","type-page","status-publish","hentry"],"acf":[],"_links":{"self":[{"href":"https:\/\/blogs.sun.ac.za\/law\/wp-json\/wp\/v2\/pages\/914","targetHints":{"allow":["GET"]}}],"collection":[{"href":"https:\/\/blogs.sun.ac.za\/law\/wp-json\/wp\/v2\/pages"}],"about":[{"href":"https:\/\/blogs.sun.ac.za\/law\/wp-json\/wp\/v2\/types\/page"}],"author":[{"embeddable":true,"href":"https:\/\/blogs.sun.ac.za\/law\/wp-json\/wp\/v2\/users\/2085"}],"replies":[{"embeddable":true,"href":"https:\/\/blogs.sun.ac.za\/law\/wp-json\/wp\/v2\/comments?post=914"}],"version-history":[{"count":48,"href":"https:\/\/blogs.sun.ac.za\/law\/wp-json\/wp\/v2\/pages\/914\/revisions"}],"predecessor-version":[{"id":8219,"href":"https:\/\/blogs.sun.ac.za\/law\/wp-json\/wp\/v2\/pages\/914\/revisions\/8219"}],"up":[{"embeddable":true,"href":"https:\/\/blogs.sun.ac.za\/law\/wp-json\/wp\/v2\/pages\/353"}],"wp:attachment":[{"href":"https:\/\/blogs.sun.ac.za\/law\/wp-json\/wp\/v2\/media?parent=914"}],"curies":[{"name":"wp","href":"https:\/\/api.w.org\/{rel}","templated":true}]}}