{"id":16,"date":"2020-07-09T11:45:54","date_gmt":"2020-07-09T11:45:54","guid":{"rendered":"http:\/\/blogs.sun.ac.za\/llewellynfoxcroft\/?page_id=16"},"modified":"2020-11-05T09:22:09","modified_gmt":"2020-11-05T09:22:09","slug":"publications","status":"publish","type":"page","link":"https:\/\/blogs.sun.ac.za\/llewellynfoxcroft\/publications\/","title":{"rendered":"[:en]Publications[:]"},"content":{"rendered":"<div id=\"pl-16\"  class=\"panel-layout\" ><div id=\"pg-16-0\"  class=\"panel-grid panel-no-style\" ><div id=\"pgc-16-0-0\"  class=\"panel-grid-cell\" ><div id=\"panel-16-0-0-0\" class=\"so-panel widget widget_sow-editor panel-first-child panel-last-child widgetopts-SO\" data-index=\"0\" ><div\n\t\t\t\n\t\t\tclass=\"so-widget-sow-editor so-widget-sow-editor-base\"\n\t\t\t\n\t\t><h3 class=\"widget-title\">Edited book<\/h3>\n<div class=\"siteorigin-widget-tinymce textwidget\">\n\t<p><strong>Foxcroft, L.C.<\/strong>, Py\u0161ek, P., Richardson, D.M. and Genovesi, P. (Eds) 2013. <em>Plant Invasions in Protected Areas. Patterns, Problems and Challenges.<\/em> Dordrecht: Springer. <a href=\"http:\/\/www.springer.com\/life+sciences\/ecology\/book\/978-94-007-7749-1\" target=\"_blank\" rel=\"noopener noreferrer\">http:\/\/www.springer.com\/life+sciences\/ecology\/book\/978-94-007-7749-1<\/a><\/p>\n<\/div>\n<\/div><\/div><\/div><\/div><div id=\"pg-16-1\"  class=\"panel-grid panel-no-style\" ><div id=\"pgc-16-1-0\"  class=\"panel-grid-cell\" ><div id=\"panel-16-1-0-0\" class=\"so-panel widget widget_sow-accordion panel-first-child panel-last-child widgetopts-SO\" data-index=\"1\" ><div\n\t\t\t\n\t\t\tclass=\"so-widget-sow-accordion so-widget-sow-accordion-default-b051050c374d-16\"\n\t\t\t\n\t\t><h3 class=\"widget-title\">Peer reviewed publications<\/h3><div>\n\t<div class=\"sow-accordion\">\n\t\t\t<div class=\"sow-accordion-panel\n\t\t\t\t\"\n\t\t\tdata-anchor-id=\"selected-journal-articles\">\n\t\t\t\t<div class=\"sow-accordion-panel-header-container\" role=\"heading\" aria-level=\"2\">\n\t\t\t\t\t<div class=\"sow-accordion-panel-header\" tabindex=\"0\" role=\"button\" id=\"accordion-label-selected-journal-articles\" aria-controls=\"accordion-content-selected-journal-articles\" aria-expanded=\"false\">\n\t\t\t\t\t\t<div class=\"sow-accordion-title sow-accordion-title-icon-left\">\n\t\t\t\t\t\t\t\t\t\t\t\t\t\tSelected journal articles\t\t\t\t\t\t\t\t\t\t\t\t\t<\/div>\n\t\t\t\t\t\t<div class=\"sow-accordion-open-close-button\">\n\t\t\t\t\t\t\t<div class=\"sow-accordion-open-button\">\n\t\t\t\t\t\t\t\t<span class=\"sow-icon-ionicons\" data-sow-icon=\"&#xf218;\"\n\t\t \n\t\taria-hidden=\"true\"><\/span>\t\t\t\t\t\t\t<\/div>\n\t\t\t\t\t\t\t<div class=\"sow-accordion-close-button\">\n\t\t\t\t\t\t\t\t<span class=\"sow-icon-ionicons\" data-sow-icon=\"&#xf209;\"\n\t\t \n\t\taria-hidden=\"true\"><\/span>\t\t\t\t\t\t\t<\/div>\n\t\t\t\t\t\t<\/div>\n\t\t\t\t\t<\/div>\n\t\t\t\t<\/div>\n\n\t\t\t<div\n\t\t\t\tclass=\"sow-accordion-panel-content\"\n\t\t\t\trole=\"region\"\n\t\t\t\taria-labelledby=\"accordion-label-selected-journal-articles\"\n\t\t\t\tid=\"accordion-content-selected-journal-articles\"\n\t\t\t\tstyle=\"display: none;\"\t\t\t>\n\t\t\t\t<div class=\"sow-accordion-panel-border\">\n\t\t\t\t\t<ol>\n<li>Py\u0161ek, P., P.E. Hulme, D. Simberloff, S. Bacher, T.M. Blackburn, J.T. Carlton, W. Dawson, F. Essl, <strong>L.C. Foxcroft<\/strong>, P. Genovesi, J.M. Jeschke, I. K\u00fchn, A.M. Liebhold, N.E. Mandrak, L.A. Meyerson, A. Pauchard, J. Pergl, H.E. Roy, H. Seebens, M. van Kleunen, M. Vil\u00e0, M.J. Wingfield and D.M. Richardson. 2020. Scientists\u2019 Warning on Invasive Alien Species. <em>Biological Reviews<\/em>. <a href=\"https:\/\/doi.org\/10.1111\/brv.12627\" target=\"_blank\" rel=\"noopener\">https:\/\/doi.org\/10.1111\/brv.12627<\/a><\/li>\n<li>Skubel, S.A., X. Su, A. Poulev, <strong>L.C. Foxcroft<\/strong>, V. Dushenkov and I. Raskin. 2020. Novel approaches to metabolomic fingerprinting of invasive alien plants from native and invaded habitats as an indicator of biochemical adaptation and evolutionary success. <em>Scientific Reports<\/em> 10: 9749. <a href=\"https:\/\/doi.org\/10.1038\/s41598-020-66477-w\" target=\"_blank\" rel=\"noopener\">https:\/\/doi.org\/10.1038\/s41598-020-66477-w<\/a><\/li>\n<li>Crookes, S., T. Heer, R.A. Casta\u00f1eda, N.E. Mandrak, D.D. Heath, O.L.F. Weyl, H.J. MacIsaac and <strong>L.C. Foxcroft<\/strong>. 2020. Monitoring the silver carp invasion in Africa: a case study using environmental DNA (eDNA) in dangerous watersheds. <em>NeoBiota<\/em> 56: 31\u201347. <a href=\"https:\/\/doi.org\/10.3897\/neobiota.56.47475\" target=\"_blank\" rel=\"noopener\">https:\/\/doi.org\/10.3897\/neobiota.56.47475<\/a><\/li>\n<li>Novoa, A., D.M. Richardson, P. Pys\u030cek, L.A. Meyerson, S. Bacher, S. Canavan, J.A. Catford, J. \u010cuda, F. Essl, <strong>L.C. Foxcroft<\/strong>, P. Genovesi, H. Hirsch, C. Hui, M.C. Jackson, C. Kueffer, J.J. Le Roux, J. Measey, N.P. Mohanty, D. Moodley, H. M\u00fcller-Sch\u00e4rer, J.G. Packer, J. Pergl, T.B. Robinson, W-C. Saul, R.T. Shackleton, V. Visser, O.L.F. Weyl, F.A. Yannelli, and J.R.U. Wilson. 2020. Invasion syndromes: a systematic approach for predicting biological invasions and facilitating effective management. <em>Biological Invasions<\/em> 22: 1801\u20131820. <a href=\"https:\/\/doi.org\/10.1007\/s10530-020-02220-w\" target=\"_blank\" rel=\"noopener\">https:\/\/doi.org\/10.1007\/s10530-020-02220-w<\/a><\/li>\n<li>Shackleton, R., <strong>L.C. Foxcroft<\/strong>, P. Py\u0161ek, L. Wood and D.M. Richardson. 2020. Biological invasions in protected areas after 30 years: revisiting nature reserves targeted by the 1980s SCOPE project. <em>Biological Conservation<\/em>\u00a0243: 108424. <a href=\"https:\/\/doi.org\/10.1016\/j.biocon.2020.108424\" target=\"_blank\" rel=\"noopener\">https:\/\/doi.org\/10.1016\/j.biocon.2020.108424<\/a><\/li>\n<li>Foster, J.D., A.G. Ellis, <strong>L.C. Foxcroft<\/strong>, S.P. Carroll and J.J. Le Roux. 2019. The potential evolutionary impact of invasive balloon vines on native soapberry bugs in South Africa. <em>Neobiota<\/em> 49: 19\u201335. <a href=\"https:\/\/doi.org\/10.3897\/neobiota.49.34245\" target=\"_blank\" rel=\"noopener\">https:\/\/doi.org\/10.3897\/neobiota.49.34245<\/a><\/li>\n<li>Cheney, C., K.J. Esler, <strong>L.C. Foxcroft<\/strong> and N.J. van Wilgen. 2019. Scenarios for the management of invasive Acacia species in a protected area: Implications of clearing efficacy. <em>Journal of Environmental Management<\/em> 238: 274\u2013282. <a href=\"https:\/\/doi.org\/10.1016\/j.jenvman.2019.02.112\" target=\"_blank\" rel=\"noopener\">https:\/\/doi.org\/10.1016\/j.jenvman.2019.02.112<\/a><\/li>\n<li><strong>Foxcroft, L.C.<\/strong>, D. Spear, N.J. van Wilgen and M.A. McGeoch. 2019. Assessing the association between pathways of alien plant invaders and their impacts in protected areas. <em>NeoBiota<\/em> 43: 1\u201325. <a href=\"https:\/\/doi.org\/10.3897\/neobiota.43.29644\" target=\"_blank\" rel=\"noopener\">https:\/\/doi.org\/10.3897\/neobiota.43.29644<\/a><\/li>\n<li>Cheney, C., K.J. Esler, <strong>L.C. Foxcroft<\/strong>, N.J. van Wilgen, M.A. McGeoch. 2018. The impact of data precision on the effectiveness of alien plant control programmes: a case study from a protected area. <em>Biological Invasions<\/em> 20: 3227\u20133243. <a href=\"https:\/\/doi.org\/10.1007\/s10530-018-1770-8\" target=\"_blank\" rel=\"noopener\">https:\/\/doi.org\/10.1007\/s10530-018-1770-8<\/a><\/li>\n<li>van Wilgen, B.W., J.M. Fill, N. Govender and <strong>L.C. Foxcroft<\/strong>. 2017. An assessment of the evolution, costs and effectiveness of alien plant control operations in Kruger National Park, South Africa. <em>NeoBiota<\/em> 35: 35\u201359. <a href=\"https:\/\/doi.org\/10.3897\/neobiota.35.12391\" target=\"_blank\" rel=\"noopener\">https:\/\/doi.org\/10.3897\/neobiota.35.12391<\/a><\/li>\n<li><strong>Foxcroft, L.C.<\/strong>, P. Py\u0161ek, D.M. Richardson, P. Genovesi and S. MacFadyen. 2017. Plant invasion science in protected areas: progress and priorities. <em>Biological Invasions<\/em> 19: 1353\u20131378. <a href=\"https:\/\/doi.org\/10.1007\/s10530-016-1367-z\" target=\"_blank\" rel=\"noopener\">https:\/\/doi.org\/10.1007\/s10530-016-1367-z<\/a><\/li>\n<li><strong>Foxcroft, L.C.<\/strong>, N. van Wilgen, J. Baard and N. Cole. 2017. Biological invasions in South African National Parks. <em>Bothalia<\/em> 47(2), a2158. <a href=\"https:\/\/doi.org\/10.4102\/abc.v47i2.2158\" target=\"_blank\" rel=\"noopener\">https:\/\/doi.org\/10.4102\/abc.v47i2.2158<\/a><\/li>\n<li>Roux, D.J., R.T. Kingsford, S.F. McCool, M.A. McGeoch and <strong>L.C. Foxcroft<\/strong>. 2015. The role and value of conservation agency research. <em>Environmental Management<\/em> 55(6): 1232\u20131245. <a href=\"https:\/\/doi.org\/10.1007\/s00267-015-0473-5\" target=\"_blank\" rel=\"noopener\">https:\/\/doi.org\/10.1007\/s00267-015-0473-5<\/a><\/li>\n<li>Le Roux, J.J., <strong>L.C. Foxcroft<\/strong>, M. Herbst and S. MacFadyen. 2015. Genetic status of the African wildcat (Felis silvestris lybica) in South Africa: the role of protected areas in conserving genetic purity. <em>Ecology and Evolution<\/em> 5(2): 288\u2013299. <a href=\"https:\/\/doi.org\/10.1002\/ece3.1275\" target=\"_blank\" rel=\"noopener\">https:\/\/doi.org\/10.1002\/ece3.1275<\/a><\/li>\n<li>Vardien, W., Richardson, D.M., <strong>Foxcroft, L.C.<\/strong>, Thompson, G.D., Wilson, J.R.U. and Le Roux, J.J. (2013). Management history determines gene flow in a prominent invader. <em>Ecography<\/em> 36: 1-10. doi: <a href=\"https:\/\/doi.org\/10.1111\/j.1600-0587.2012.00120.x\" target=\"_blank\" rel=\"noopener\">10.1111\/j.1600-0587.2012.00120.x<\/a><\/li>\n<li>Spear, D., Foxcroft, L.C., Bezuidenhout, H. and McGeoch, M.A. (2013). Human population density explains alien species richness in protected areas. <em>Biological Conservation<\/em> 159: 137-147. <a href=\"http:\/\/dx.doi.org\/10.1016\/j.biocon.2012.11.022\" target=\"_blank\" rel=\"noopener\">http:\/\/dx.doi.org\/10.1016\/j.biocon.2012.11.022<\/a><\/li>\n<li>Jaro\u0161\u00edk, V., Py\u0161ek, P., <strong>Foxcroft, L.C.<\/strong>, Richardson, D.M., Rouget, M. and MacFadyen, S. (2011). Predicting incursion of plant invaders into Kruger National Park, South Africa: The interplay of general drivers and species-specific factors. <em>PLOS ONE<\/em> 6(12): e28711. doi:<a href=\"https:\/\/doi.org\/10.1371\/journal.pone.0028711\" target=\"_blank\" rel=\"noopener\">10.1371\/journal.pone.0028711<\/a><\/li>\n<li>Robertson, M.P., K.R. Harris, J. Coetzee, <strong>L.C. Foxcroft<\/strong>, A.S. Dippenaar-Schoeman and B.J. van Rensburg. 2011. Assessing local scale impacts of Opuntia stricta (Cactaceae) invasion on beetle and spider diversity in Kruger National Park, South Africa. <em>African Zoology<\/em> 46(2): 205-223. <a href=\"https:\/\/doi.org\/10.3377\/004.046.0202\" target=\"_blank\" rel=\"noopener\">https:\/\/doi.org\/10.3377\/004.046.0202<\/a><\/li>\n<li><strong>Foxcroft, L.C.<\/strong>, Pickett, S.T.A. and Cadenasso, M.L. (2011). Expanding the conceptual frameworks of plant invasion ecology. <em>Perspectives in Plant Ecology, Evolution and Systematics<\/em> 13: 89-100.<\/li>\n<li>Hui, C., <strong>Foxcroft, L.C.<\/strong>, Richardson, D.M. and MacFadyen, S. (2011). Defining optimal sampling effort for large-scale monitoring of invasive alien plants: A Bayesian method for estimating abundance and distribution. <em>Journal of Applied Ecology<\/em> 48: 768-776. doi: <a href=\"https:\/\/doi.org\/10.1111\/j.1365-2664.2011.01974.x\" target=\"_blank\" rel=\"noopener\">10.1111\/j.1365-2664.2011.01974.x<\/a><\/li>\n<li><strong>Foxcroft, L.C.<\/strong>, Jaro\u0161\u00edk, V., Py\u0161ek, P., Richardson, D.M. and Rouget, M. (2011). Protected area boundaries as a natural filter of plant invasions from surrounding landscapes. <em>Conservation Biology<\/em> 25: 400-405. doi:<a href=\"https:\/\/doi.org\/10.1111\/j.1523-1739.2010.01617.x\" target=\"_blank\" rel=\"noopener\">10.1111\/j.1523-1739.2010.01617.x<\/a>.<\/li>\n<li><strong>Foxcroft, L.C.<\/strong>, D.M. Richardson, M. Rejm\u00e1nek and P. Py\u0161ek. 2010. Alien plant invasions in tropical savanna ecosystems: patterns, processes and prospects. <em>Biological Invasions<\/em> 12: 3913\u20133933. <a href=\"https:\/\/doi.org\/10.1007\/s10530-010-9823-7\" target=\"_blank\" rel=\"noopener\">https:\/\/doi.org\/10.1007\/s10530-010-9823-7<\/a><\/li>\n<li><strong>Foxcroft, L.C.<\/strong>, Richardson, D.M., Rouget, M. and MacFadyen, S. (2009). Patterns of alien plant distribution at multiple spatial scales in a large national park: Implications for ecology, management and monitoring. <em>Diversity and Distributions<\/em> 15: 367-378.<\/li>\n<li><strong>Foxcroft, L.C.<\/strong>, D.M. Richardson and J.R.U. Wilson. 2008. Ornamental plants as invasive aliens: problems and solutions in Kruger National Park, South Africa. <em>Environmental Management<\/em> 41: 32-51. <a href=\"https:\/\/doi.org\/10.1007\/s00267-007-9027-9\" target=\"_blank\" rel=\"noopener\">https:\/\/doi.org\/10.1007\/s00267-007-9027-9<\/a><\/li>\n<li><strong>Foxcroft, L.C.<\/strong>, Rouget, M. and Richardson, D.M. (2007). Risk assessment of riparian alien plant invasion into protected areas \u2013 A landscape approach. <em>Conservation Biology<\/em> 21: 412-421.<\/li>\n<li><strong>Foxcroft, L.C.<\/strong>, Rouget, M., Richardson, D.M. and MacFadyen, S. (2004). Reconstructing 50 years of Opuntia stricta invasion in the Kruger National Park, South Africa: Environmental determinants and propagule pressure. Diversity and Distributions 10: 427-437.<\/li>\n<\/ol>\n\t\t\t\t<\/div>\n\t\t\t<\/div>\n\t\t<\/div>\n\t\t\t<div class=\"sow-accordion-panel\n\t\t\t\t\"\n\t\t\tdata-anchor-id=\"book-chapters\">\n\t\t\t\t<div class=\"sow-accordion-panel-header-container\" role=\"heading\" aria-level=\"2\">\n\t\t\t\t\t<div class=\"sow-accordion-panel-header\" tabindex=\"0\" role=\"button\" id=\"accordion-label-book-chapters\" aria-controls=\"accordion-content-book-chapters\" aria-expanded=\"false\">\n\t\t\t\t\t\t<div class=\"sow-accordion-title sow-accordion-title-icon-left\">\n\t\t\t\t\t\t\t\t\t\t\t\t\t\tBook chapters\t\t\t\t\t\t\t\t\t\t\t\t\t<\/div>\n\t\t\t\t\t\t<div class=\"sow-accordion-open-close-button\">\n\t\t\t\t\t\t\t<div class=\"sow-accordion-open-button\">\n\t\t\t\t\t\t\t\t<span class=\"sow-icon-ionicons\" data-sow-icon=\"&#xf218;\"\n\t\t \n\t\taria-hidden=\"true\"><\/span>\t\t\t\t\t\t\t<\/div>\n\t\t\t\t\t\t\t<div class=\"sow-accordion-close-button\">\n\t\t\t\t\t\t\t\t<span class=\"sow-icon-ionicons\" data-sow-icon=\"&#xf209;\"\n\t\t \n\t\taria-hidden=\"true\"><\/span>\t\t\t\t\t\t\t<\/div>\n\t\t\t\t\t\t<\/div>\n\t\t\t\t\t<\/div>\n\t\t\t\t<\/div>\n\n\t\t\t<div\n\t\t\t\tclass=\"sow-accordion-panel-content\"\n\t\t\t\trole=\"region\"\n\t\t\t\taria-labelledby=\"accordion-label-book-chapters\"\n\t\t\t\tid=\"accordion-content-book-chapters\"\n\t\t\t\tstyle=\"display: none;\"\t\t\t>\n\t\t\t\t<div class=\"sow-accordion-panel-border\">\n\t\t\t\t\t<ol>\n<li>Wilson J.R.U., <strong>L.C. Foxcroft<\/strong>, S. Geerts, M.T. Hoffman, S. MacFadyen, J. Measey, A. Mills, D.M. Richardson, M.P. Robertson, and B.W. van Wilgen. 2020. The Role of Environmental Factors in Promoting and Limiting Biological Invasions in South Africa. In van Wilgen, B.W., Measey, J., Richardson, D.M., Wilson, J.R. and Zengeya, T.A. (eds.) <em>Biological invasions in South Africa<\/em>. pp. 355-385. Springer Nature Switzerland AG\u00a0<a href=\"https:\/\/eur03.safelinks.protection.outlook.com\/?url=https%3A%2F%2Fdoi.org%2F10.1007%2F978-3-030-32394-3_13&amp;data=04%7C01%7C%7Ceb663d1ded5f4766e44708d879941f13%7Ca6fa3b030a3c42588433a120dffcd348%7C0%7C0%7C637393025340038637%7CUnknown%7CTWFpbGZsb3d8eyJWIjoiMC4wLjAwMDAiLCJQIjoiV2luMzIiLCJBTiI6Ik1haWwiLCJXVCI6Mn0%3D%7C1000&amp;sdata=zXmATcOJwKgbP2zRhpKYFd3XafjyHgBYveo6O%2BrSnuw%3D&amp;reserved=0\">https:\/\/doi.org\/10.1007\/978-3-030-32394-3_13<\/a><\/li>\n<li>van Wilgen B.W., J.R.U. Wilson, A. Wannenburgh and <strong>L.C. Foxcroft<\/strong>. 2020. The Extent and Effectiveness of Alien Plant Control Projects in South Africa. In van Wilgen, B.W., Measey, J., Richardson, D.M., Wilson, J.R. and Zengeya, T.A. (eds.) <em>Biological invasions in South Africa<\/em>. pp. 597-628. Springer Nature Switzerland AG\u00a0<a href=\"https:\/\/eur03.safelinks.protection.outlook.com\/?url=https%3A%2F%2Fdoi.org%2F10.1007%2F978-3-030-32394-3_21&amp;data=04%7C01%7C%7Ceb663d1ded5f4766e44708d879941f13%7Ca6fa3b030a3c42588433a120dffcd348%7C0%7C0%7C637393025340038637%7CUnknown%7CTWFpbGZsb3d8eyJWIjoiMC4wLjAwMDAiLCJQIjoiV2luMzIiLCJBTiI6Ik1haWwiLCJXVCI6Mn0%3D%7C1000&amp;sdata=ZaCznt0DTnURg5alRB7jfcOTvchzZ8OQeBqs9OKnu6A%3D&amp;reserved=0\">https:\/\/doi.org\/10.1007\/978-3-030-32394-3_21<\/a><\/li>\n<li>Kumschick S., <strong>L.C. Foxcroft<\/strong> and J.R.U. Wilson. 2020. Analysing the Risks Posed by Biological Invasions to South Africa. The Biogeography of South African Terrestrial Plant Invasions. In van Wilgen, B.W., Measey, J., Richardson, D.M., Wilson, J.R. and Zengeya, T.A. (eds.) pp. 573-595. Springer Nature Switzerland AG <em>Biological invasions in South Africa<\/em>.\u00a0<a href=\"https:\/\/eur03.safelinks.protection.outlook.com\/?url=https%3A%2F%2Fdoi.org%2F10.1007%2F978-3-030-32394-3_20&amp;data=04%7C01%7C%7Ceb663d1ded5f4766e44708d879941f13%7Ca6fa3b030a3c42588433a120dffcd348%7C0%7C0%7C637393025340038637%7CUnknown%7CTWFpbGZsb3d8eyJWIjoiMC4wLjAwMDAiLCJQIjoiV2luMzIiLCJBTiI6Ik1haWwiLCJXVCI6Mn0%3D%7C1000&amp;sdata=tzz4ELkPExh2AFJtF4VE0w%2BH%2BFcAbozENO4Tgjzccao%3D&amp;reserved=0\">https:\/\/doi.org\/10.1007\/978-3-030-32394-3_20<\/a><\/li>\n<li>Richardson D.M., <strong>L.C. Foxcroft<\/strong>, G. Latombe, D.C. Le Maitre, M. Rouget and J.R.U. Wilson. 2020. The Biogeography of South African Terrestrial Plant Invasions. In van Wilgen, B.W., Measey, J., Richardson, D.M., Wilson, J.R. and Zengeya, T.A. (eds.) <em>Biological invasions in South Africa<\/em>. pp. 67-96. Springer Nature Switzerland AG\u00a0<a href=\"https:\/\/eur03.safelinks.protection.outlook.com\/?url=https%3A%2F%2Fdoi.org%2F10.1007%2F978-3-030-32394-3_3&amp;data=04%7C01%7C%7Ceb663d1ded5f4766e44708d879941f13%7Ca6fa3b030a3c42588433a120dffcd348%7C0%7C0%7C637393025340048595%7CUnknown%7CTWFpbGZsb3d8eyJWIjoiMC4wLjAwMDAiLCJQIjoiV2luMzIiLCJBTiI6Ik1haWwiLCJXVCI6Mn0%3D%7C1000&amp;sdata=jpA%2FSBoZN5g43Q4W5aLLjVeMIwe61LOdS%2F8bjIP66KQ%3D&amp;reserved=0\">https:\/\/doi.org\/10.1007\/978-3-030-32394-3_3<\/a><\/li>\n<li><strong>Foxcroft, L.C.<\/strong>, van Wilgen, B.W., Abrahams, B., Esler, K.J. and Wannenburgh, A. 2020. Knowing-doing continuum or knowing-doing gap? Information flow between researchers and managers of biological invasions in South Africa. In van Wilgen, B.W., Measey, J., Richardson, D.M., Wilson, J.R. and Zengeya, T.A. (eds.) <em>Biological invasions in South Africa<\/em>. pp. 831-853. Springer Nature Switzerland AG\u00a0<a href=\"https:\/\/eur03.safelinks.protection.outlook.com\/?url=https%3A%2F%2Fdoi.org%2F10.1007%2F978-3-030-32394-3_28&amp;data=04%7C01%7C%7Ceb663d1ded5f4766e44708d879941f13%7Ca6fa3b030a3c42588433a120dffcd348%7C0%7C0%7C637393025340048595%7CUnknown%7CTWFpbGZsb3d8eyJWIjoiMC4wLjAwMDAiLCJQIjoiV2luMzIiLCJBTiI6Ik1haWwiLCJXVCI6Mn0%3D%7C1000&amp;sdata=1rF9jPKVKicAkwRf3UqjGnqfmNZxOtvFf4DQ3tDV1gw%3D&amp;reserved=0\">https:\/\/doi.org\/10.1007\/978-3-030-32394-3_28<\/a><\/li>\n<li>van Wilgen, B.W., T., Munyai, Z., Mnikathi, J.R., Wilson, T., Morapi, L-A, Botha, T., Forsyth, D., Herbert, I., Rushworth, L.C.,\u00a0<strong>Foxcroft<\/strong>, et al. 2018. The status of alien species. In: van Wilgen, B.W. and Wilson, J.R. (eds.) <em>The status of biological invasions and their management in South Africa in 2017<\/em>. South African National Biodiversity Institute, Kirstenbosch and DST-NRF Centre of Excellence for Invasion Biology, Stellenbosch. pp. 47-70.<\/li>\n<li>van Wilgen, B.W., T., Munyai, J.R., Wilson, T., Morapi, T., Forsyth, I., Rushworth, L.C.,\u00a0<strong>Foxcroft<\/strong>, et al. 2018. The status of invaded areas. In: van Wilgen, B.W. and Wilson, J.R. (eds.) <em>The status of biological invasions and their management in South Africa in 2017<\/em>. South African National Biodiversity Institute, Kirstenbosch and DST-NRF Centre of Excellence for Invasion Biology, Stellenbosch. pp. 71-89.<\/li>\n<li><strong>Foxcroft, L.C.<\/strong>, Richardson, D.M., Py\u0161ek, P. and Genovesi, P. (2013). Plant invasions in protected areas: Outlining the issues and creating the links. In: L.C. Foxcroft, P., Py\u0161ek, D.M. Richardson and P. Genovesi (Eds),\u00a0<em>Plant Invasions in Protected Areas. Patterns, Problems and Challenges<\/em>. Dordrecht: Springer. Pp. 3-18. Doi:10.1007\/978-94-007-7750-7_1<\/li>\n<li><strong>Foxcroft, L.C.<\/strong>, Py\u0161ek, P. Richardson, D.M., Pergl, J. and Hulme, P.E. (2013). The bottom line: Impacts of alien plant invasions in protected areas. In: L.C. Foxcroft, P., Py\u0161ek, D.M. Richardson and P. Genovesi (Eds),\u00a0<em>Plant Invasions in Protected Areas. Patterns, Problems and Challenges<\/em>. Dordrecht: Springer. Pp. 19-41. Doi:10.1007\/978-94-007-7750-7_2<\/li>\n<li>Hui, C.,\u00a0<strong>Foxcroft, L.C.<\/strong>, Richardson, D.M. and MacFadyen, S. (2013). A cross-scale approach for abundance estimation of invasive alien plants in a large protected area. In: L.C. Foxcroft, P., Py\u0161ek, D.M. Richardson and P. Genovesi (Eds),\u00a0<em>Plant Invasions in Protected Areas. Patterns, Problems and Challenges<\/em>. Dordrecht: Springer. Pp. 73-88. Doi:10.1007\/978-94-007-7750-7_5<\/li>\n<li><strong>Foxcroft, L.C.<\/strong>, Witt, A. and Lotter, W.D. (2013). Icons in peril: Invasive alien plants in African protected areas. In: L.C. Foxcroft, P., Py\u0161ek, D.M. Richardson and P. Genovesi (Eds),\u00a0<em>Plant Invasions in Protected Areas. Patterns, Problems and Challenges<\/em>. Dordrecht: Springer. Pp. 117-143. Doi:10.1007\/978-94-007-7750-7_7<\/li>\n<li>Baret, S., Baider, C., Kueffer, C.,\u00a0<strong>Foxcroft, L.C.<\/strong>and Lagabrielle, E. (2013). Threats to paradise? Plant invasions in protected areas of the Western Indian Ocean Islands. In: L.C. Foxcroft, P., Py\u0161ek, D.M. Richardson and P. Genovesi (Eds), <em>Plant Invasions in Protected Areas<\/em>. Patterns, Problems and Challenges. Dordrecht: Springer. Pp. 423-447. Doi:10.1007\/978-94-007-7750-7_19<\/li>\n<li><strong>Foxcroft, L.C.<\/strong>, Richardson, D.M., Py\u0161ek, P. and Genovesi, P. (2013). Invasive alien plants in protected areas: Threats, opportunities, and the way forward. In: L.C. Foxcroft, P., Py\u0161ek, D.M. Richardson and P. Genovesi (Eds),\u00a0<em>Plant Invasions in Protected Areas. Patterns, Problems and Challenges<\/em>. Dordrecht: Springer. Pp. 621-639. Doi:10.1007\/978-94-007-7750-7_28<\/li>\n<li><strong>Foxcroft, L.C.\u00a0<\/strong>and Downey, P.O. (2008). Protecting biodiversity by managing alien plants in national parks \u2013 Perspectives from South Africa and Australia. In: B. Tokarska-Guzik, J. Brock, G. Brundu, L. Child, C. Daehler and P. Py\u0161ek (Eds),\u00a0<em>Plant Invasions. Human Perception, Ecological Impacts and Management<\/em>. Leiden, The Netherlands: Backhuys Publishers. Pp 387-403.<\/li>\n<li>Freitag-Ronaldson, S. and\u00a0<strong>Foxcroft, L.C.<\/strong>(2003). Anthropogenic ecosystem influences in the Kruger National Park. In: J. du Toit, K.H. Rogers and H.C. Biggs (Eds),\u00a0<em>The Kruger Experience: Ecology and management of savanna heterogeneity<\/em>. Washington, D.C.: Island Press. Pp 391- 421. ISBN 1-55963-981-4.<\/li>\n<li><strong>Foxcroft, L.C.<\/strong>and Richardson, D.M. (2003). Managing alien plant invasions in the Kruger National Park, South Africa. In: L. Child, J.H. Brock, G. Brundu, K. Prach, P. Py\u0161ek, P.M. Wade and M. Williamson (Eds),\u00a0<em>Plant Invasions: Ecological Threats and Management Solutions<\/em>. The Netherlands: Backhuys Publishers. Pp 385-404.<\/li>\n<li><strong>Foxcroft, L.C.\u00a0<\/strong>(2001). A case study of the human dimensions in invasion and control of alien plants in the personnel villages of Kruger National Park. In: J.A. McNeely (Ed),\u00a0<em>The Great Reshuffling: Human Dimensions of Invasive Alien Species<\/em>. Gland, Switzerland and Cambridge, UK: IUCN. Pp 127-134.<\/li>\n<\/ol>\n\t\t\t\t<\/div>\n\t\t\t<\/div>\n\t\t<\/div>\n\t\t<\/div>\n<\/div>\n<\/div><\/div><\/div><\/div><\/div>","protected":false},"excerpt":{"rendered":"<p>Foxcroft, L.C., Py\u0161ek, P., Richardson, D.M. and Genovesi, P. (Eds) 2013. Plant Invasions in Protected Areas. Patterns, Problems and Challenges. Dordrecht: Springer. http:\/\/www.springer.com\/life+sciences\/ecology\/book\/978-94-007-7749-1<\/p>\n","protected":false},"author":237,"featured_media":0,"parent":0,"menu_order":0,"comment_status":"closed","ping_status":"closed","template":"","meta":{"footnotes":""},"class_list":["post-16","page","type-page","status-publish","hentry","post"],"_links":{"self":[{"href":"https:\/\/blogs.sun.ac.za\/llewellynfoxcroft\/wp-json\/wp\/v2\/pages\/16","targetHints":{"allow":["GET"]}}],"collection":[{"href":"https:\/\/blogs.sun.ac.za\/llewellynfoxcroft\/wp-json\/wp\/v2\/pages"}],"about":[{"href":"https:\/\/blogs.sun.ac.za\/llewellynfoxcroft\/wp-json\/wp\/v2\/types\/page"}],"author":[{"embeddable":true,"href":"https:\/\/blogs.sun.ac.za\/llewellynfoxcroft\/wp-json\/wp\/v2\/users\/237"}],"replies":[{"embeddable":true,"href":"https:\/\/blogs.sun.ac.za\/llewellynfoxcroft\/wp-json\/wp\/v2\/comments?post=16"}],"version-history":[{"count":4,"href":"https:\/\/blogs.sun.ac.za\/llewellynfoxcroft\/wp-json\/wp\/v2\/pages\/16\/revisions"}],"predecessor-version":[{"id":28,"href":"https:\/\/blogs.sun.ac.za\/llewellynfoxcroft\/wp-json\/wp\/v2\/pages\/16\/revisions\/28"}],"wp:attachment":[{"href":"https:\/\/blogs.sun.ac.za\/llewellynfoxcroft\/wp-json\/wp\/v2\/media?parent=16"}],"curies":[{"name":"wp","href":"https:\/\/api.w.org\/{rel}","templated":true}]}}