{"id":17,"date":"2020-07-08T13:37:54","date_gmt":"2020-07-08T13:37:54","guid":{"rendered":"http:\/\/blogs.sun.ac.za\/sabrinakumschick\/?page_id=17"},"modified":"2020-07-08T14:06:31","modified_gmt":"2020-07-08T14:06:31","slug":"scientific-articles","status":"publish","type":"page","link":"https:\/\/blogs.sun.ac.za\/sabrinakumschick\/scientific-articles\/","title":{"rendered":"[:en]Scientific articles[:]"},"content":{"rendered":"<div id=\"pl-17\"  class=\"panel-layout\" ><div id=\"pg-17-0\"  class=\"panel-grid panel-no-style\" ><div id=\"pgc-17-0-0\"  class=\"panel-grid-cell\" ><div id=\"panel-17-0-0-0\" class=\"so-panel widget widget_sow-tabs panel-first-child panel-last-child widgetopts-hide_title widgetopts-SO\" data-index=\"0\" ><div\n\t\t\t\n\t\t\tclass=\"so-widget-sow-tabs so-widget-sow-tabs-default-a2858548458d-17\"\n\t\t\t\n\t\t><h3 class=\"widget-title\">Articles by year<\/h3><div class=\"sow-tabs\">\n\t<div class=\"sow-tabs-tab-container\" role=\"tablist\">\n\t\t\t<div\n\t\t\tclass=\"sow-tabs-tab\n\t\t\t sow-tabs-tab-selected\t\t\t\"\n\t\t\trole=\"tab\"\n\t\t\tdata-anchor-id=\"2018\"\n\t\t\taria-selected=\"true\"\n\t\t\ttabindex=\"0\"\n\t\t>\n\t\t\t<div class=\"sow-tabs-title sow-tabs-title-icon-left\">\n\t\t\t\t\t\t\t\t2018\t\t\t\t\t\t\t<\/div>\n\t\t<\/div>\n\t\t\t<div\n\t\t\tclass=\"sow-tabs-tab\n\t\t\t\t\t\t\"\n\t\t\trole=\"tab\"\n\t\t\tdata-anchor-id=\"2017\"\n\t\t\taria-selected=\"false\"\n\t\t\ttabindex=\"0\"\n\t\t>\n\t\t\t<div class=\"sow-tabs-title sow-tabs-title-icon-left\">\n\t\t\t\t\t\t\t\t2017\t\t\t\t\t\t\t<\/div>\n\t\t<\/div>\n\t\t\t<div\n\t\t\tclass=\"sow-tabs-tab\n\t\t\t\t\t\t\"\n\t\t\trole=\"tab\"\n\t\t\tdata-anchor-id=\"2016\"\n\t\t\taria-selected=\"false\"\n\t\t\ttabindex=\"0\"\n\t\t>\n\t\t\t<div class=\"sow-tabs-title sow-tabs-title-icon-left\">\n\t\t\t\t\t\t\t\t2016\t\t\t\t\t\t\t<\/div>\n\t\t<\/div>\n\t\t\t<div\n\t\t\tclass=\"sow-tabs-tab\n\t\t\t\t\t\t\"\n\t\t\trole=\"tab\"\n\t\t\tdata-anchor-id=\"2015\"\n\t\t\taria-selected=\"false\"\n\t\t\ttabindex=\"0\"\n\t\t>\n\t\t\t<div class=\"sow-tabs-title sow-tabs-title-icon-left\">\n\t\t\t\t\t\t\t\t2015\t\t\t\t\t\t\t<\/div>\n\t\t<\/div>\n\t\t\t<div\n\t\t\tclass=\"sow-tabs-tab\n\t\t\t\t\t\t\"\n\t\t\trole=\"tab\"\n\t\t\tdata-anchor-id=\"pre-2015\"\n\t\t\taria-selected=\"false\"\n\t\t\ttabindex=\"0\"\n\t\t>\n\t\t\t<div class=\"sow-tabs-title sow-tabs-title-icon-left\">\n\t\t\t\t\t\t\t\tPre 2015\t\t\t\t\t\t\t<\/div>\n\t\t<\/div>\n\t\t<\/div>\n\n\t<div class=\"sow-tabs-panel-container\">\n\t\t\t<div class=\"sow-tabs-panel\">\n\t\t\t<div\n\t\t\t\tclass=\"sow-tabs-panel-content\"\n\t\t\t\trole=\"tabpanel\"\n\t\t\t\taria-hidden=\"false\"\n\t\t\t>\n\t\t\t\t<ul style=\"list-style-type: disc;font-size:13px\">\n \t<li>Canavan S, <strong>Kumschick S<\/strong>, Le Roux JJ, Richardson DM, Wilson JRU (<em>accepted<\/em>) Does origin matter for impacts of weedy plants? Not for bamboos. <em>Plants People Planet<\/em><\/li>\n \t<li>Kesner D &amp; <strong>Kumschick S<\/strong> (2018) Gastropods alien to South Africa cause severe environmental harm in their global alien ranges across habitats. <em>Ecology and Evolution<\/em> <strong>8<\/strong>: 8273-8285<\/li>\n \t<li>Hagen B &amp; <strong>Kumschick S<\/strong> (2018) The relevance of using various scoring schemes revealed by an impact assessment of feral mammals. <em>Neobiota<\/em> <strong>38<\/strong>: 37-75<\/li>\n \t<li>Evans T, <strong>Kumschick S<\/strong>, Sekercioglu CH &amp; Blackburn TM (2018) Identifying the factors that determine the magnitude and type of alien bird impacts. <em>Diversity and Distributions<\/em> <strong>24<\/strong>: 800-810<\/li>\n \t<li>Nentwig W, Bacher S, <strong>Kumschick S<\/strong>, Py\u0161ek P &amp; Vil\u00e0 M (2018) More than \u201c100 worst\u201d alien species in Europe. <em>Biological Invasions<\/em> <strong>20<\/strong>: 1611-1621<\/li>\n \t<li>Evans T, Pigot A, <strong>Kumschick S<\/strong> &amp; Blackburn TM (2018) Determinants of Data Deficiency in the impacts of alien bird species. <em>Ecography<\/em> <strong>41<\/strong>: 1401-1410<\/li>\n \t<li>Bacher S, Blackburn TM, Essl F, Genovesi P, Heikkil\u00e4 J, Jeschke JM, Jones G, Keller R, Kenis M, Kueffer C, Martinou AF, Nentwig W, Pergl J, Py\u0161ek P, Rabitsch W, Richardson DM, Roy HE, Saul W-C, Scalera R, Vil\u00e0 M, Wilson JRU &amp; <strong>Kumschick S<\/strong> (2018) Socio-economic impact classification of alien taxa (SEICAT). <em>Methods in Ecology and Evolution<\/em> <strong>9<\/strong>: 159-168<\/li>\n \t<li>Novoa A, Shackleton R, Canavan S, Cyb\u00e8le C, Davies S, Dehnen-Schmutz K, Fried J, Gaertner M, Geerts S, Griffiths C, Kaplan H, <strong>Kumschick S<\/strong>, Le Maitre D, Measey J, Nunes AL, Richardson DM, Robinson TB, Touza J &amp; Wilson JRU (2018) A framework for engaging stakeholders on the management of alien species. <em>Journal of Environmental Management<\/em> <strong>205<\/strong>: 286-297<\/li>\n<\/ul>\t\t\t<\/div>\n\t\t<\/div>\n\t\t\t<div class=\"sow-tabs-panel\">\n\t\t\t<div\n\t\t\t\tclass=\"sow-tabs-panel-content\"\n\t\t\t\trole=\"tabpanel\"\n\t\t\t\taria-hidden=\"true\"\n\t\t\t>\n\t\t\t\t<ul style=\"list-style-type: disc;font-size:13px\">\n \t<li><strong>Kumschick S<\/strong>, Measey GJ, Vimercati G, de Villiers FA, Mokhatla MM, Davies SJ, Thorp CJ, Rebelo AD, Blackburn TM &amp; Kraus F (2017) How repeatable is the Environmental Impact Classification of Alien Taxa (EICAT)? Comparing independent global impact assessments of amphibians. <em>Ecology and Evolution<\/em> <strong>7<\/strong>: 2661-2670<\/li>\n \t<li>Visser V, Wilson JRU, Canavan K, Canavan S, Fish L, Le Maitre D, Nanni I, Mashau C, O\u2019Connor T, Ivey P, <strong>Kumschick S<\/strong> &amp; Richardson DM (2017) Grasses as invasive plants in South Africa revisited: patterns, pathways and management. <em>Bothalia<\/em> <strong>47<\/strong>(2): a2169<\/li>\n \t<li>Keller RP &amp; <strong>Kumschick S<\/strong> (2017) Promise and challenges of risk assessment as an approach for preventing the arrival of harmful invasive species. <em>Bothalia<\/em> <strong>47<\/strong>(2): a2136<\/li>\n \t<li><strong>Kumschick S<\/strong>, Vimercati G, de Villiers FA, Mokhatla MM, Davies SJ, Thorp CJ, Rebelo AD &amp; Measey GJ (2017) Impact assessment with different scoring tools: How well do alien amphibian assessments match? <em>Neobiota<\/em> <strong>33<\/strong>: 53-66<\/li>\n \t<li>Latombe G, Py\u0161ek P, Jeschke JM, Blackburn TM, Bacher S, Capinha C, Costello MJ, Fern\u00e1ndez M, Gregory RD, Hobern D, Hui C, Jetz W, <strong>Kumschick S<\/strong>, McGrannachan C, Pergl J, Roy HE, Scalera R, Squires ZE, Wilson JRU, Winter M, Genovesi P &amp; McGeoch MA (2017) A vision for global monitoring of biological invasions. <em>Biological Conservation<\/em> <strong>213<\/strong>: 295-308<\/li>\n<\/ul>\t\t\t<\/div>\n\t\t<\/div>\n\t\t\t<div class=\"sow-tabs-panel\">\n\t\t\t<div\n\t\t\t\tclass=\"sow-tabs-panel-content\"\n\t\t\t\trole=\"tabpanel\"\n\t\t\t\taria-hidden=\"true\"\n\t\t\t>\n\t\t\t\t<ul style=\"list-style-type: disc;font-size:13px\">\n \t<li>Measey GJ, Vimercati G, de Villiers FA, Mokhatla MM, Davies SJ, Thorp CJ, Rebelo AD &amp; <strong>Kumschick S<\/strong> (2016) A global assessment of alien amphibian impacts in a formal framework. <em>Diversity and Distributions<\/em> <strong>22<\/strong>: 970-981<\/li>\n \t<li>Evans T, <strong>Kumschick S<\/strong> &amp; Blackburn TM (2016) Application of the Environmental Impact Classification for Alien Taxa (EICAT) to a global assessment of alien bird impacts. <em>Diversity and Distributions<\/em> <strong>22<\/strong>: 919-931<\/li>\n \t<li>Novoa A, <strong>Kumschick S<\/strong>, Richardson DM, Rouget M &amp; Wilson JRU (2016) Native range size and growth form in Cactaceae predicts invasiveness and impact. <em>NeoBiota<\/em> <strong>30<\/strong>: 75-90<\/li>\n \t<li>Nentwig W, Bacher S, Py\u0161ek P, Vil\u00e0 M &amp; <strong>Kumschick S<\/strong> (2016) The Generic Impact Scoring System (GISS): a standardized tool to quantify the impacts of alien species. <em>Environmental Monitoring and Assessment<\/em> <strong>188<\/strong>: 315<\/li>\n \t<li>Gordon DR, Flory SL, Lieurance D, Hulme PE, Buddenhagen C, Caton B, Champion PD, Culley TM, Daehler C, Essl F, Hill JE, Keller RP, Kohl L, Koop AL, <strong>Kumschick S<\/strong>, Lodge DM, Mack RN, Meyerson LA, Pallipparambil GR, Panetta FD, Porter R, Py\u0161ek P, Quinn LD, Richardson DM, Simberloff D, and Vil\u00e0 M (2016) Weed risk assessments are an effective component of invasion risk management. <em>Invasive Plant Science and Management<\/em> <strong>9<\/strong>: 81-83<\/li>\n \t<li><strong>Kumschick S<\/strong>, Devenish A, Kenis M, Rabitsch W, Richardson DM, Wilson JRU (2016) Intentionally introduced terrestrial invertebrates: patterns, risks, and options for management. <em>Biological Invasions<\/em> <strong>18<\/strong>: 1077-1088<\/li>\n \t<li>Saccaggi DL, Karsten M, Robertson MP, <strong>Kumschick S<\/strong>, Terblanche JS, Wilson JRU &amp;amp; Somers MJ (2016) Methods and approaches for the management of arthropod border incursions. <em>Biological Invasions<\/em> <strong>18<\/strong>:1057-1075<\/li>\n \t<li><strong>Kumschick S<\/strong>, Blackburn TM &amp; Richardson DM (2016) Managing alien bird species: Time to move beyond \u201c100 of the Worst\u201d lists? <em>Bird Conservation International<\/em> <strong>26<\/strong>: 154-163<\/li>\n<\/ul>\t\t\t<\/div>\n\t\t<\/div>\n\t\t\t<div class=\"sow-tabs-panel\">\n\t\t\t<div\n\t\t\t\tclass=\"sow-tabs-panel-content\"\n\t\t\t\trole=\"tabpanel\"\n\t\t\t\taria-hidden=\"true\"\n\t\t\t>\n\t\t\t\t<ul style=\"list-style-type: disc;font-size:13px\">\n \t<li>Hawkins CL, Bacher S, Essl F, Hulme PE, Jeschke JM, K\u00fchn I, <strong>Kumschick S<\/strong>, Nentwig W, Pergl J, Py\u0161ek P, Rabitsch W, Richardson DM, Vil\u00e0 M, Wilson JRU, Genovesi P &amp; Blackburn TM (2015) Framework and guidelines for implementing the proposed IUCN Environmental Impact Classification for Alien Taxa (EICAT). <em>Diversity and Distributions<\/em> <strong>21<\/strong>: 1360-1363<\/li>\n \t<li>Essl F, Bacher S, Blackburn TM, Booy O, Brundu G, Brunel S, Cardoso A-C, Eschen R, Gallardo B, Galil B, Garc\u00eda-Berthou E, Genovesi P, Groom Q, Harrower C, Hulme PE, Katsanevakis S, Kenis M, K\u00fchn I, <strong>Kumschick S<\/strong>, Martinou AF, Nentwig W, O\u2019Flynn C, Pagad S, Pergl J, Py\u0161ek P, Rabitsch W, Richardson DM, Roques A, Roy HE, Scalera R, Schindler S, Seebens H, Vanderhoeven S, Vil\u00e0 M, Wilson JRU, Zenetos A and Jeschke JM (2015) Crossing frontiers in tackling pathways of biological invasions. <em>BioScience<\/em> <strong>65<\/strong>: 769-782<\/li>\n \t<li>Novoa A, Kaplan H, <strong>Kumschick S<\/strong>, Wilson JRU &amp; Richardson DM (2015) Soft touch or heavy hand? Legislative approaches for preventing invasions: Insights from Cactaceae in South Africa. <em>Invasive Plant Science and Management<\/em> doi: http:\/\/dx.doi.org\/10.1614\/IPSM-D-14-00073.1<\/li>\n \t<li><strong>Kumschick S<\/strong>, Bacher S, Markov\u00e1 Z, Pergl J, Py\u0161ek P, Vaes-Petignat S, van der Veer G, Vil\u00e0 M &amp; Nentwig W (2015) Comparing impacts of alien plants and animals using a standard scoring system. <em>Journal of Applied Ecology<\/em> DOI: 10.1111\/1365-2664.12427<\/li>\n \t<li><strong>Kumschick S<\/strong>, Gaertner M, Vil\u00e0 M, Essl F, Jeschke JM, Py\u0161ek P, Bacher S, Blackburn TM, Dick JTA, Evans T, Hulme PE, K\u00fchn I, Mruga\u0142a A, Pergl J, Rabitsch W, Ricciardi A, Richardson DM, Sendek A &amp; Winter M (2015) Ecological impacts of alien species: quantification, scope, caveats and recommendations. <em>BioScience<\/em> <strong>65<\/strong>: 55-63<\/li>\n<\/ul>\t\t\t<\/div>\n\t\t<\/div>\n\t\t\t<div class=\"sow-tabs-panel\">\n\t\t\t<div\n\t\t\t\tclass=\"sow-tabs-panel-content\"\n\t\t\t\trole=\"tabpanel\"\n\t\t\t\taria-hidden=\"true\"\n\t\t\t>\n\t\t\t\t<ul style=\"list-style-type: disc;font-size:13px\">\n \t<li>Jeschke JM, Bacher S, Blackburn TM, Dick JTA, Essl F, Evans T, Gaertner M, Hulme PE, K\u00fchn I, Mruga\u0142a A, Pergl J, Py\u0161ek P, Rabitsch W, Ricciardi A, Richardson DM, Sendek A, Vil\u00e0 M, Winter M &amp; <strong>Kumschick S<\/strong> (2014) Defining the impact of non-native species. <em>Conservation Biology<\/em> <strong>28<\/strong>: 1188-1194<\/li>\n \t<li>Evans T, <strong>Kumschick S<\/strong>, Dyer E &amp; Blackburn TM (2014) Variability of impact correlates between continents for birds: significance for risk assessment and management. <em>Ecology and Evolution<\/em> <strong>4<\/strong>: 2957-2967<\/li>\n \t<li>Blackburn TM, Essl F, Evans T, Hulme PE, Jeschke JM, K\u00fchn I, <strong>Kumschick S<\/strong>, Mruga\u0142a A, Markov\u00e1 Z, Nentwig W, Pergl J, Py\u0161ek P, Rabitsch W, Ricciardi A, Richardson DM, Sendek A, Vil\u00e0 M, Wilson JRU, Winter M, Genovesi P &amp; Bacher S (2014) A unified classification of alien species based on the magnitude of their environmental impacts. <em>PLoS Biology<\/em> <strong>12<\/strong>(5): e1001850<\/li>\n \t<li>Dick JTA, Alexander ME, Jeschke JM, Ricciardi A, MacIsaac HJ, Robinson TB, <strong>Kumschick S<\/strong>, Weyl OLF, Dunn AM, Hatcher MJ, Paterson RA, Farnsworth KD &amp; Richardson DM (2013) Advancing impact prediction and hypothesis testing in invasion ecology using a comparative functional response approach. <em>Biological Invasions<\/em> <strong>16<\/strong>: 735-753<\/li>\n \t<li><strong>Kumschick S<\/strong> &amp; Richardson DM (2013) Species-based risk assessments for biological invasions: Advances and challenges. <em>Diversity and Distributions<\/em> <strong>19<\/strong>: 1095-1105<\/li>\n \t<li><strong>Kumschick S<\/strong>, Alba C, Hufbauer R &amp; Blumenthal DM (2013) Evolution of fast-growing and more resistant phenotypes in introduced common mullein (<em>Verbascum thapsus<\/em>). <em>Journal of Ecology<\/em> <strong>101<\/strong>: 378-387<\/li>\n \t<li><strong>Kumschick S<\/strong>, Bacher S &amp; Blackburn TM (2013) What determines the impact of alien birds and mammals in Europe? <em>Biological Invasions<\/em> <strong>15<\/strong>: 785-797<\/li>\n \t<li><strong>Kumschick S<\/strong>, Bacher S, Dawson W, Heikkil\u00e4 J, Sendek A, Pluess T, Robinson TB &amp; K\u00fchn I (2012) A conceptual framework for prioritization of invasive alien species for management according to their impact. <em>NeoBiota<\/em> <strong>15<\/strong>: 69-100<\/li>\n \t<li>Entling MH, Schweiger O, Bacher S, Espadaler X, Hickler T, <strong>Kumschick S<\/strong>, Woodcock BA &amp; Nentwig W (2012) Climatic heterogeneity underlies apparent productivity-diversity relationships of European arthropods. <em>PLoS ONE<\/em> <strong>7<\/strong>(9)<\/li>\n \t<li>Benedict M, Eckerstorfer M, Franz G, Gaugitsch H, Greiter A, Heissenberger A, Knols B, <strong>Kumschick S<\/strong>, Nentwig W and Rabitsch W (2012) Defining environmental risk assessment criteria for genetically modified insects to be placed on the EU market. <em>IOBC\/wprs Bulletin<\/em> <strong>73<\/strong>: 45-50<\/li>\n \t<li><strong>Kumschick S<\/strong> &amp; Nentwig W (2011) Response to Strubbe et al. 2011: Impact scoring of invasive birds is justified. <em>Biological Conservation<\/em> <strong>144<\/strong>: 2747<\/li>\n \t<li>Simberloff D et al. (2011) Correspondence: Non-natives: 141 scientists object. <em>Nature<\/em> <strong>475<\/strong>: 36<\/li>\n \t<li><strong>Kumschick S<\/strong>, Fronzek S, Schmidt-Entling MH &amp; Nentwig W (2011) Rapid spread of the wasp spider <em>Argiope bruennichi<\/em> across Europe: a consequence of climate change? <em>Climatic Change<\/em> <strong>109<\/strong>(3-4): 319-329<\/li>\n \t<li><strong>Kumschick S<\/strong>, Alba C, Hufbauer RA &amp; Nentwig W (2011) Weak or strong invaders? A comparison of impact between the native and invaded ranges of mammals and birds alien to Europe. <em>Diversity and Distributions<\/em> <strong>17<\/strong>: 663\u2013672<\/li>\n \t<li><strong>Kumschick S<\/strong>, Nentwig W (2010) Some alien birds reveal as severe an impact as the most effectual alien mammals in Europe. <em>Biological Conservation<\/em> <strong>143<\/strong>: 2757-2762<\/li>\n \t<li><strong>Kumschick S<\/strong>, Schmidt-Entling MH, Bacher S, Hickler T, Entling W &amp; Nentwig W (2009) Water limitation prevails over energy in European diversity gradients of sheetweb spiders (Araneae: Linyphiidae). <em>Basic and Applied Ecology<\/em> <strong>10<\/strong>: 754-762.<\/li>\n \t<li><strong>Kumschick S<\/strong>, Schmidt-Entling MH, Bacher S, Hickler T, Espadaler X &amp; Nentwig W (2009) Determinants of local ant (Hymenoptera: Formicidae) species richness and activity density across Europe. <em>Ecological Entomology<\/em> <strong>34<\/strong>: 748-754.<\/li>\n<\/ul>\t\t\t<\/div>\n\t\t<\/div>\n\t\t<\/div>\n<\/div>\n<\/div><\/div><\/div><\/div><\/div>","protected":false},"excerpt":{"rendered":"<p>Articles by year 2018 2017 2016 2015 Pre 2015 Canavan S, Kumschick S, Le Roux JJ, Richardson DM, Wilson JRU (accepted) Does origin matter for impacts of weedy plants? Not for bamboos. Plants People Planet Kesner D &amp; Kumschick S (2018) Gastropods alien to South Africa cause severe environmental harm in their global alien ranges [&hellip;]<\/p>\n","protected":false},"author":237,"featured_media":0,"parent":0,"menu_order":0,"comment_status":"closed","ping_status":"closed","template":"","meta":{"footnotes":""},"class_list":["post-17","page","type-page","status-publish","hentry","post"],"_links":{"self":[{"href":"https:\/\/blogs.sun.ac.za\/sabrinakumschick\/wp-json\/wp\/v2\/pages\/17","targetHints":{"allow":["GET"]}}],"collection":[{"href":"https:\/\/blogs.sun.ac.za\/sabrinakumschick\/wp-json\/wp\/v2\/pages"}],"about":[{"href":"https:\/\/blogs.sun.ac.za\/sabrinakumschick\/wp-json\/wp\/v2\/types\/page"}],"author":[{"embeddable":true,"href":"https:\/\/blogs.sun.ac.za\/sabrinakumschick\/wp-json\/wp\/v2\/users\/237"}],"replies":[{"embeddable":true,"href":"https:\/\/blogs.sun.ac.za\/sabrinakumschick\/wp-json\/wp\/v2\/comments?post=17"}],"version-history":[{"count":4,"href":"https:\/\/blogs.sun.ac.za\/sabrinakumschick\/wp-json\/wp\/v2\/pages\/17\/revisions"}],"predecessor-version":[{"id":29,"href":"https:\/\/blogs.sun.ac.za\/sabrinakumschick\/wp-json\/wp\/v2\/pages\/17\/revisions\/29"}],"wp:attachment":[{"href":"https:\/\/blogs.sun.ac.za\/sabrinakumschick\/wp-json\/wp\/v2\/media?parent=17"}],"curies":[{"name":"wp","href":"https:\/\/api.w.org\/{rel}","templated":true}]}}